{"id":1000,"date":"2024-11-19T08:03:41","date_gmt":"2024-11-19T07:03:41","guid":{"rendered":"https:\/\/gstio.cat\/nosotros\/"},"modified":"2024-12-18T08:24:52","modified_gmt":"2024-12-18T07:24:52","slug":"nosotros","status":"publish","type":"page","link":"https:\/\/gstio.cat\/es\/nosotros\/","title":{"rendered":"Nosotros"},"content":{"rendered":"\t\t<div data-elementor-type=\"wp-page\" data-elementor-id=\"1000\" class=\"elementor elementor-1000 elementor-255\" data-elementor-post-type=\"page\">\n\t\t\t\t\t\t<section class=\"elementor-section elementor-top-section elementor-element elementor-element-429af156 elementor-section-boxed elementor-section-height-default elementor-section-height-default\" data-id=\"429af156\" data-element_type=\"section\" data-settings=\"{&quot;background_background&quot;:&quot;classic&quot;}\">\n\t\t\t\t\t\t\t<div class=\"elementor-background-overlay\"><\/div>\n\t\t\t\t\t\t\t<div class=\"elementor-container elementor-column-gap-default\">\n\t\t\t\t\t<div class=\"elementor-column elementor-col-100 elementor-top-column elementor-element elementor-element-76e01758\" data-id=\"76e01758\" data-element_type=\"column\">\n\t\t\t<div class=\"elementor-widget-wrap elementor-element-populated\">\n\t\t\t\t\t\t<div class=\"elementor-element elementor-element-3b1310a9 elementor-invisible elementor-widget elementor-widget-heading\" data-id=\"3b1310a9\" data-element_type=\"widget\" data-settings=\"{&quot;_animation&quot;:&quot;fadeInUp&quot;}\" data-widget_type=\"heading.default\">\n\t\t\t\t<div class=\"elementor-widget-container\">\n\t\t\t\t\t<h1 class=\"elementor-heading-title elementor-size-default\">Nosotros<\/h1>\t\t\t\t<\/div>\n\t\t\t\t<\/div>\n\t\t\t\t<div class=\"elementor-element elementor-element-471cc3d3 elementor-invisible elementor-widget elementor-widget-heading\" data-id=\"471cc3d3\" data-element_type=\"widget\" data-settings=\"{&quot;_animation&quot;:&quot;fadeInUp&quot;,&quot;_animation_delay&quot;:240}\" data-widget_type=\"heading.default\">\n\t\t\t\t<div class=\"elementor-widget-container\">\n\t\t\t\t\t<h3 class=\"elementor-heading-title elementor-size-default\">Desde 2006 en el sector<\/h3>\t\t\t\t<\/div>\n\t\t\t\t<\/div>\n\t\t\t\t\t<\/div>\n\t\t<\/div>\n\t\t\t\t\t<\/div>\n\t\t<\/section>\n\t\t\t\t<section class=\"elementor-section elementor-top-section elementor-element elementor-element-7fbed883 elementor-section-boxed elementor-section-height-default elementor-section-height-default\" data-id=\"7fbed883\" data-element_type=\"section\">\n\t\t\t\t\t\t<div class=\"elementor-container elementor-column-gap-default\">\n\t\t\t\t\t<div class=\"elementor-column elementor-col-100 elementor-top-column elementor-element elementor-element-19af2d42\" data-id=\"19af2d42\" data-element_type=\"column\">\n\t\t\t<div class=\"elementor-widget-wrap elementor-element-populated\">\n\t\t\t\t\t\t<section class=\"elementor-section elementor-inner-section elementor-element elementor-element-5cc33af1 elementor-section-boxed elementor-section-height-default elementor-section-height-default\" data-id=\"5cc33af1\" data-element_type=\"section\">\n\t\t\t\t\t\t<div class=\"elementor-container elementor-column-gap-default\">\n\t\t\t\t\t<div class=\"elementor-column elementor-col-50 elementor-inner-column elementor-element elementor-element-555fe454 elementor-invisible\" data-id=\"555fe454\" data-element_type=\"column\" data-settings=\"{&quot;animation&quot;:&quot;fadeInLeft&quot;}\">\n\t\t\t<div class=\"elementor-widget-wrap elementor-element-populated\">\n\t\t\t\t\t\t<div class=\"elementor-element elementor-element-2696c1d2 elementor-widget elementor-widget-heading\" data-id=\"2696c1d2\" data-element_type=\"widget\" data-widget_type=\"heading.default\">\n\t\t\t\t<div class=\"elementor-widget-container\">\n\t\t\t\t\t<h2 class=\"elementor-heading-title elementor-size-default\">\u00bfQuieres conocernos?  \n<\/h2>\t\t\t\t<\/div>\n\t\t\t\t<\/div>\n\t\t\t\t\t<\/div>\n\t\t<\/div>\n\t\t\t\t<div class=\"elementor-column elementor-col-50 elementor-inner-column elementor-element elementor-element-67a5377f elementor-invisible\" data-id=\"67a5377f\" data-element_type=\"column\" data-settings=\"{&quot;animation&quot;:&quot;fadeInRight&quot;}\">\n\t\t\t<div class=\"elementor-widget-wrap elementor-element-populated\">\n\t\t\t\t\t\t<div class=\"elementor-element elementor-element-f437e92 elementor-widget elementor-widget-text-editor\" data-id=\"f437e92\" data-element_type=\"widget\" data-widget_type=\"text-editor.default\">\n\t\t\t\t<div class=\"elementor-widget-container\">\n\t\t\t\t\t\t\t\t\t<div>\n<div><span style=\"color: var( --e-global-color-primary ); font-family: var( --e-global-typography-b2ce6af-font-family ), Sans-serif; font-size: var( --e-global-typography-b2ce6af-font-size );\">La cabeza visible del equipo soy yo. Me llamo Gerard Tordera, soy Arquitecto T\u00e9cnico y agente inmobiliario.<\/span><\/div>\n<\/div>\n<div> <\/div>\n<div>Aqu\u00ed tienes mi recorrido:<\/div>\n\t\t\t\t\t\t\t\t<\/div>\n\t\t\t\t<\/div>\n\t\t\t\t<div class=\"elementor-element elementor-element-5d1ebe97 elementor-widget elementor-widget-button\" data-id=\"5d1ebe97\" data-element_type=\"widget\" data-widget_type=\"button.default\">\n\t\t\t\t<div class=\"elementor-widget-container\">\n\t\t\t\t\t\t\t\t\t<div class=\"elementor-button-wrapper\">\n\t\t\t\t\t<a class=\"elementor-button elementor-button-link elementor-size-md\" href=\"https:\/\/es.linkedin.com\/in\/gerardtordera?original_referer=https%3A%2F%2Fes.search.yahoo.com%2F\" target=\"_blank\">\n\t\t\t\t\t\t<span class=\"elementor-button-content-wrapper\">\n\t\t\t\t\t\t<span class=\"elementor-button-icon\">\n\t\t\t\t<i aria-hidden=\"true\" class=\"fab fa-linkedin\"><\/i>\t\t\t<\/span>\n\t\t\t\t\t\t\t\t\t<span class=\"elementor-button-text\">M\u00e1s informaci\u00f3n<\/span>\n\t\t\t\t\t<\/span>\n\t\t\t\t\t<\/a>\n\t\t\t\t<\/div>\n\t\t\t\t\t\t\t\t<\/div>\n\t\t\t\t<\/div>\n\t\t\t\t\t<\/div>\n\t\t<\/div>\n\t\t\t\t\t<\/div>\n\t\t<\/section>\n\t\t\t\t<section class=\"elementor-section elementor-inner-section elementor-element elementor-element-e034bbc elementor-hidden-desktop elementor-hidden-tablet elementor-hidden-mobile elementor-section-boxed elementor-section-height-default elementor-section-height-default\" data-id=\"e034bbc\" data-element_type=\"section\">\n\t\t\t\t\t\t<div class=\"elementor-container elementor-column-gap-default\">\n\t\t\t\t\t<div class=\"elementor-column elementor-col-25 elementor-inner-column elementor-element elementor-element-241027be elementor-invisible\" data-id=\"241027be\" data-element_type=\"column\" data-settings=\"{&quot;animation&quot;:&quot;bounceIn&quot;}\">\n\t\t\t<div class=\"elementor-widget-wrap elementor-element-populated\">\n\t\t\t\t\t\t<div class=\"elementor-element elementor-element-13ea74de elementor-widget elementor-widget-counter\" data-id=\"13ea74de\" data-element_type=\"widget\" data-widget_type=\"counter.default\">\n\t\t\t\t<div class=\"elementor-widget-container\">\n\t\t\t\t\t\t\t<div class=\"elementor-counter\">\n\t\t\t<div class=\"elementor-counter-title\">Happy Customer<\/div>\t\t\t<div class=\"elementor-counter-number-wrapper\">\n\t\t\t\t<span class=\"elementor-counter-number-prefix\"><\/span>\n\t\t\t\t<span class=\"elementor-counter-number\" data-duration=\"2000\" data-to-value=\"14\" data-from-value=\"0\" data-delimiter=\",\">0<\/span>\n\t\t\t\t<span class=\"elementor-counter-number-suffix\">K+<\/span>\n\t\t\t<\/div>\n\t\t<\/div>\n\t\t\t\t\t\t<\/div>\n\t\t\t\t<\/div>\n\t\t\t\t\t<\/div>\n\t\t<\/div>\n\t\t\t\t<div class=\"elementor-column elementor-col-25 elementor-inner-column elementor-element elementor-element-29eebb71 elementor-invisible\" data-id=\"29eebb71\" data-element_type=\"column\" data-settings=\"{&quot;animation&quot;:&quot;bounceIn&quot;,&quot;animation_delay&quot;:240}\">\n\t\t\t<div class=\"elementor-widget-wrap elementor-element-populated\">\n\t\t\t\t\t\t<div class=\"elementor-element elementor-element-7d69b43d elementor-widget elementor-widget-counter\" data-id=\"7d69b43d\" data-element_type=\"widget\" data-widget_type=\"counter.default\">\n\t\t\t\t<div class=\"elementor-widget-container\">\n\t\t\t\t\t\t\t<div class=\"elementor-counter\">\n\t\t\t<div class=\"elementor-counter-title\">Properties Listed<\/div>\t\t\t<div class=\"elementor-counter-number-wrapper\">\n\t\t\t\t<span class=\"elementor-counter-number-prefix\"><\/span>\n\t\t\t\t<span class=\"elementor-counter-number\" data-duration=\"2000\" data-to-value=\"27\" data-from-value=\"0\" data-delimiter=\",\">0<\/span>\n\t\t\t\t<span class=\"elementor-counter-number-suffix\">K+<\/span>\n\t\t\t<\/div>\n\t\t<\/div>\n\t\t\t\t\t\t<\/div>\n\t\t\t\t<\/div>\n\t\t\t\t\t<\/div>\n\t\t<\/div>\n\t\t\t\t<div class=\"elementor-column elementor-col-25 elementor-inner-column elementor-element elementor-element-4087e65 elementor-invisible\" data-id=\"4087e65\" data-element_type=\"column\" data-settings=\"{&quot;animation&quot;:&quot;bounceIn&quot;,&quot;animation_delay&quot;:480}\">\n\t\t\t<div class=\"elementor-widget-wrap elementor-element-populated\">\n\t\t\t\t\t\t<div class=\"elementor-element elementor-element-4875ca6a elementor-widget elementor-widget-counter\" data-id=\"4875ca6a\" data-element_type=\"widget\" data-widget_type=\"counter.default\">\n\t\t\t\t<div class=\"elementor-widget-container\">\n\t\t\t\t\t\t\t<div class=\"elementor-counter\">\n\t\t\t<div class=\"elementor-counter-title\">Agente Support<\/div>\t\t\t<div class=\"elementor-counter-number-wrapper\">\n\t\t\t\t<span class=\"elementor-counter-number-prefix\"><\/span>\n\t\t\t\t<span class=\"elementor-counter-number\" data-duration=\"2000\" data-to-value=\"2411\" data-from-value=\"0\" data-delimiter=\",\">0<\/span>\n\t\t\t\t<span class=\"elementor-counter-number-suffix\">+<\/span>\n\t\t\t<\/div>\n\t\t<\/div>\n\t\t\t\t\t\t<\/div>\n\t\t\t\t<\/div>\n\t\t\t\t\t<\/div>\n\t\t<\/div>\n\t\t\t\t<div class=\"elementor-column elementor-col-25 elementor-inner-column elementor-element elementor-element-1c3154f8 elementor-invisible\" data-id=\"1c3154f8\" data-element_type=\"column\" data-settings=\"{&quot;animation&quot;:&quot;bounceIn&quot;,&quot;animation_delay&quot;:600}\">\n\t\t\t<div class=\"elementor-widget-wrap elementor-element-populated\">\n\t\t\t\t\t\t<div class=\"elementor-element elementor-element-220bcd26 elementor-widget elementor-widget-counter\" data-id=\"220bcd26\" data-element_type=\"widget\" data-widget_type=\"counter.default\">\n\t\t\t\t<div class=\"elementor-widget-container\">\n\t\t\t\t\t\t\t<div class=\"elementor-counter\">\n\t\t\t<div class=\"elementor-counter-title\">Satisfacci\u00f3n<\/div>\t\t\t<div class=\"elementor-counter-number-wrapper\">\n\t\t\t\t<span class=\"elementor-counter-number-prefix\"><\/span>\n\t\t\t\t<span class=\"elementor-counter-number\" data-duration=\"2000\" data-to-value=\"100\" data-from-value=\"0\" data-delimiter=\",\">0<\/span>\n\t\t\t\t<span class=\"elementor-counter-number-suffix\">%<\/span>\n\t\t\t<\/div>\n\t\t<\/div>\n\t\t\t\t\t\t<\/div>\n\t\t\t\t<\/div>\n\t\t\t\t\t<\/div>\n\t\t<\/div>\n\t\t\t\t\t<\/div>\n\t\t<\/section>\n\t\t\t\t\t<\/div>\n\t\t<\/div>\n\t\t\t\t\t<\/div>\n\t\t<\/section>\n\t\t\t\t<section class=\"elementor-section elementor-top-section elementor-element elementor-element-7fcc1e2e elementor-section-boxed elementor-section-height-default elementor-section-height-default\" data-id=\"7fcc1e2e\" data-element_type=\"section\">\n\t\t\t\t\t\t<div class=\"elementor-container elementor-column-gap-default\">\n\t\t\t\t\t<div class=\"elementor-column elementor-col-100 elementor-top-column elementor-element elementor-element-644e2086\" data-id=\"644e2086\" data-element_type=\"column\" data-settings=\"{&quot;background_background&quot;:&quot;classic&quot;}\">\n\t\t\t<div class=\"elementor-widget-wrap elementor-element-populated\">\n\t\t\t\t\t<div class=\"elementor-background-overlay\"><\/div>\n\t\t\t\t\t\t<section class=\"elementor-section elementor-inner-section elementor-element elementor-element-236cf22c elementor-section-boxed elementor-section-height-default elementor-section-height-default\" data-id=\"236cf22c\" data-element_type=\"section\">\n\t\t\t\t\t\t<div class=\"elementor-container elementor-column-gap-default\">\n\t\t\t\t\t<div class=\"elementor-column elementor-col-100 elementor-inner-column elementor-element elementor-element-1ad308ab\" data-id=\"1ad308ab\" data-element_type=\"column\">\n\t\t\t<div class=\"elementor-widget-wrap elementor-element-populated\">\n\t\t\t\t\t\t<div class=\"elementor-element elementor-element-3608121a elementor-invisible elementor-widget elementor-widget-heading\" data-id=\"3608121a\" data-element_type=\"widget\" data-settings=\"{&quot;_animation&quot;:&quot;fadeInUp&quot;}\" data-widget_type=\"heading.default\">\n\t\t\t\t<div class=\"elementor-widget-container\">\n\t\t\t\t\t<h2 class=\"elementor-heading-title elementor-size-default\">Equipo de arquitectos y arquitectos t\u00e9cnico<\/h2>\t\t\t\t<\/div>\n\t\t\t\t<\/div>\n\t\t\t\t<div class=\"elementor-element elementor-element-2e576b0e elementor-invisible elementor-widget elementor-widget-text-editor\" data-id=\"2e576b0e\" data-element_type=\"widget\" data-settings=\"{&quot;_animation&quot;:&quot;fadeInRight&quot;}\" data-widget_type=\"text-editor.default\">\n\t\t\t\t<div class=\"elementor-widget-container\">\n\t\t\t\t\t\t\t\t\t<p>Partiendo de la parte t\u00e9cnica con un equipo de arquitectos y arquitectos t\u00e9cnicos, con varios colaboradores formados por las universidades catalanas, por la UdG (la polit\u00e9cnica) y la UAB.<\/p>\n\t\t\t\t\t\t\t\t<\/div>\n\t\t\t\t<\/div>\n\t\t\t\t<div class=\"elementor-element elementor-element-50f2a666 elementor-invisible elementor-widget elementor-widget-button\" data-id=\"50f2a666\" data-element_type=\"widget\" data-settings=\"{&quot;_animation&quot;:&quot;fadeInDown&quot;}\" data-widget_type=\"button.default\">\n\t\t\t\t<div class=\"elementor-widget-container\">\n\t\t\t\t\t\t\t\t\t<div class=\"elementor-button-wrapper\">\n\t\t\t\t\t<a class=\"elementor-button elementor-button-link elementor-size-md\" href=\"https:\/\/gstio.cat\/es\/contacto\/\">\n\t\t\t\t\t\t<span class=\"elementor-button-content-wrapper\">\n\t\t\t\t\t\t\t\t\t<span class=\"elementor-button-text\">Contacto<\/span>\n\t\t\t\t\t<\/span>\n\t\t\t\t\t<\/a>\n\t\t\t\t<\/div>\n\t\t\t\t\t\t\t\t<\/div>\n\t\t\t\t<\/div>\n\t\t\t\t\t<\/div>\n\t\t<\/div>\n\t\t\t\t\t<\/div>\n\t\t<\/section>\n\t\t\t\t\t<\/div>\n\t\t<\/div>\n\t\t\t\t\t<\/div>\n\t\t<\/section>\n\t\t\t\t<section class=\"elementor-section elementor-top-section elementor-element elementor-element-e7527b9 elementor-section-boxed elementor-section-height-default elementor-section-height-default\" data-id=\"e7527b9\" data-element_type=\"section\">\n\t\t\t\t\t\t\t<div class=\"elementor-background-overlay\"><\/div>\n\t\t\t\t\t\t\t<div class=\"elementor-container elementor-column-gap-default\">\n\t\t\t\t\t<div class=\"elementor-column elementor-col-100 elementor-top-column elementor-element elementor-element-20f1c18f\" data-id=\"20f1c18f\" data-element_type=\"column\">\n\t\t\t<div class=\"elementor-widget-wrap elementor-element-populated\">\n\t\t\t\t\t\t<section class=\"elementor-section elementor-inner-section elementor-element elementor-element-613dfed elementor-section-boxed elementor-section-height-default elementor-section-height-default\" data-id=\"613dfed\" data-element_type=\"section\">\n\t\t\t\t\t\t<div class=\"elementor-container elementor-column-gap-default\">\n\t\t\t\t\t<div class=\"elementor-column elementor-col-50 elementor-inner-column elementor-element elementor-element-2cf36ccb elementor-invisible\" data-id=\"2cf36ccb\" data-element_type=\"column\" data-settings=\"{&quot;animation&quot;:&quot;fadeInLeft&quot;}\">\n\t\t\t<div class=\"elementor-widget-wrap elementor-element-populated\">\n\t\t\t\t\t\t<div class=\"elementor-element elementor-element-4be7fd3 elementor-widget elementor-widget-premium-addon-banner\" data-id=\"4be7fd3\" data-element_type=\"widget\" data-widget_type=\"premium-addon-banner.default\">\n\t\t\t\t<div class=\"elementor-widget-container\">\n\t\t\t\t\t\t\t<div class=\"premium-banner-ib premium-banner-min-height premium-banner-animation1 zoomin\">\r\n\t\t\t\t\t\t\t\t\t\t<img fetchpriority=\"high\" decoding=\"async\" width=\"640\" height=\"640\" src=\"https:\/\/gstio.cat\/wp-content\/uploads\/2024\/12\/1687941647349.jpeg\" class=\"attachment-full size-full wp-image-985\" alt=\"\" srcset=\"https:\/\/gstio.cat\/wp-content\/uploads\/2024\/12\/1687941647349.jpeg 640w, https:\/\/gstio.cat\/wp-content\/uploads\/2024\/12\/1687941647349-300x300.jpeg 300w, https:\/\/gstio.cat\/wp-content\/uploads\/2024\/12\/1687941647349-150x150.jpeg 150w\" sizes=\"(max-width: 640px) 100vw, 640px\" \/>\t\t\t\t\t\t\t\t\t<div class=\"premium-banner-ib-desc\">\r\n\t\t\t\t\t\t\t\t\t<h3 class=\"premium-banner-ib-title premium_banner_title\">Gerard Tordera<\/h3>\t\t\t\t\t\t<div class=\"premium-banner-ib-content premium_banner_content\">\r\n\t\t\t\t\t\t\t<div><div><span style=\"color: #ffffff; font-family: var( --e-global-typography-b2ce6af-font-family ), Sans-serif; font-size: var( --e-global-typography-b2ce6af-font-size );\">Arquitecto T\u00e9cnico y agente inmobiliario.<\/span><\/div><\/div><div> <\/div>\t\t\t\t\t\t<\/div>\r\n\t\t\t\t\t\t\t\t\t\t\t\t\t\t\t\t\t<\/div>\r\n\t\t\t\t\t<\/div>\r\n\t\t\t\t\t\t\t\t<\/div>\n\t\t\t\t<\/div>\n\t\t\t\t\t<\/div>\n\t\t<\/div>\n\t\t\t\t<div class=\"elementor-column elementor-col-50 elementor-inner-column elementor-element elementor-element-2d041bab\" data-id=\"2d041bab\" data-element_type=\"column\">\n\t\t\t<div class=\"elementor-widget-wrap elementor-element-populated\">\n\t\t\t\t\t\t<div class=\"elementor-element elementor-element-4003b0d5 elementor-invisible elementor-widget elementor-widget-heading\" data-id=\"4003b0d5\" data-element_type=\"widget\" data-settings=\"{&quot;_animation&quot;:&quot;fadeInRight&quot;}\" data-widget_type=\"heading.default\">\n\t\t\t\t<div class=\"elementor-widget-container\">\n\t\t\t\t\t<h3 class=\"elementor-heading-title elementor-size-default\">Te acompa\u00f1amos por encontrar tu inmueble, seg\u00fan tus necesidades, las mejores opciones.  <\/h3>\t\t\t\t<\/div>\n\t\t\t\t<\/div>\n\t\t\t\t<div class=\"elementor-element elementor-element-17275c01 elementor-invisible elementor-widget elementor-widget-text-editor\" data-id=\"17275c01\" data-element_type=\"widget\" data-settings=\"{&quot;_animation&quot;:&quot;fadeInRight&quot;,&quot;_animation_delay&quot;:240}\" data-widget_type=\"text-editor.default\">\n\t\t\t\t<div class=\"elementor-widget-container\">\n\t\t\t\t\t\t\t\t\t<div> <\/div>\n<div>Somos t\u00e9cnicos y somos agentes, por lo que nuestro conocimiento en el mundo de la construcci\u00f3n y del mercado inmobiliario, nos ha aportado una uni\u00f3n inmejorable en este sector.<\/div>\n<div> <\/div>\n<div>Cada d\u00eda gestionamos m\u00e1s propiedades.<\/div>\n\t\t\t\t\t\t\t\t<\/div>\n\t\t\t\t<\/div>\n\t\t\t\t\t<\/div>\n\t\t<\/div>\n\t\t\t\t\t<\/div>\n\t\t<\/section>\n\t\t\t\t\t<\/div>\n\t\t<\/div>\n\t\t\t\t\t<\/div>\n\t\t<\/section>\n\t\t\t\t<\/div>\n\t\t","protected":false},"excerpt":{"rendered":"<p>Desde 2006 en el sector \u00bfQuieres conocernos? La cabeza visible del equipo soy yo. Me llamo Gerard Tordera, soy Arquitecto T\u00e9cnico y agente inmobiliario. Aqu\u00ed tienes mi recorrido: M\u00e1s informaci\u00f3n Happy Customer 0 K+ Properties Listed 0 K+ Agente Support 0 + Satisfacci\u00f3n 0 % Equipo de arquitectos y arquitectos t\u00e9cnico Partiendo de la parte [&hellip;]<\/p>\n","protected":false},"author":2,"featured_media":0,"parent":0,"menu_order":0,"comment_status":"closed","ping_status":"closed","template":"elementor_header_footer","meta":{"footnotes":""},"class_list":["post-1000","page","type-page","status-publish","hentry"],"yoast_head":"<!-- This site is optimized with the Yoast SEO plugin v25.6 - https:\/\/yoast.com\/wordpress\/plugins\/seo\/ -->\n<title>Nosotros - Gstio<\/title>\n<meta name=\"robots\" content=\"index, follow, max-snippet:-1, max-image-preview:large, max-video-preview:-1\" \/>\n<link rel=\"canonical\" href=\"https:\/\/gstio.cat\/es\/nosotros\/\" \/>\n<meta property=\"og:locale\" content=\"es_ES\" \/>\n<meta property=\"og:type\" content=\"article\" \/>\n<meta property=\"og:title\" content=\"Nosotros - Gstio\" \/>\n<meta property=\"og:description\" content=\"Desde 2006 en el sector \u00bfQuieres conocernos? La cabeza visible del equipo soy yo. Me llamo Gerard Tordera, soy Arquitecto T\u00e9cnico y agente inmobiliario. Aqu\u00ed tienes mi recorrido: M\u00e1s informaci\u00f3n Happy Customer 0 K+ Properties Listed 0 K+ Agente Support 0 + Satisfacci\u00f3n 0 % Equipo de arquitectos y arquitectos t\u00e9cnico Partiendo de la parte [&hellip;]\" \/>\n<meta property=\"og:url\" content=\"https:\/\/gstio.cat\/es\/nosotros\/\" \/>\n<meta property=\"og:site_name\" content=\"Gstio\" \/>\n<meta property=\"article:modified_time\" content=\"2024-12-18T07:24:52+00:00\" \/>\n<meta property=\"og:image\" content=\"https:\/\/gstio.cat\/wp-content\/uploads\/2024\/12\/1687941647349.jpeg\" \/>\n\t<meta property=\"og:image:width\" content=\"640\" \/>\n\t<meta property=\"og:image:height\" content=\"640\" \/>\n\t<meta property=\"og:image:type\" content=\"image\/jpeg\" \/>\n<meta name=\"twitter:card\" content=\"summary_large_image\" \/>\n<meta name=\"twitter:label1\" content=\"Tiempo de lectura\" \/>\n\t<meta name=\"twitter:data1\" content=\"1 minuto\" \/>\n<script type=\"application\/ld+json\" class=\"yoast-schema-graph\">{\"@context\":\"https:\/\/schema.org\",\"@graph\":[{\"@type\":\"WebPage\",\"@id\":\"https:\/\/gstio.cat\/es\/nosotros\/\",\"url\":\"https:\/\/gstio.cat\/es\/nosotros\/\",\"name\":\"Nosotros - Gstio\",\"isPartOf\":{\"@id\":\"https:\/\/gstio.cat\/es\/#website\"},\"primaryImageOfPage\":{\"@id\":\"https:\/\/gstio.cat\/es\/nosotros\/#primaryimage\"},\"image\":{\"@id\":\"https:\/\/gstio.cat\/es\/nosotros\/#primaryimage\"},\"thumbnailUrl\":\"https:\/\/gstio.cat\/wp-content\/uploads\/2024\/12\/1687941647349.jpeg\",\"datePublished\":\"2024-11-19T07:03:41+00:00\",\"dateModified\":\"2024-12-18T07:24:52+00:00\",\"breadcrumb\":{\"@id\":\"https:\/\/gstio.cat\/es\/nosotros\/#breadcrumb\"},\"inLanguage\":\"es\",\"potentialAction\":[{\"@type\":\"ReadAction\",\"target\":[\"https:\/\/gstio.cat\/es\/nosotros\/\"]}]},{\"@type\":\"ImageObject\",\"inLanguage\":\"es\",\"@id\":\"https:\/\/gstio.cat\/es\/nosotros\/#primaryimage\",\"url\":\"https:\/\/gstio.cat\/wp-content\/uploads\/2024\/12\/1687941647349.jpeg\",\"contentUrl\":\"https:\/\/gstio.cat\/wp-content\/uploads\/2024\/12\/1687941647349.jpeg\"},{\"@type\":\"BreadcrumbList\",\"@id\":\"https:\/\/gstio.cat\/es\/nosotros\/#breadcrumb\",\"itemListElement\":[{\"@type\":\"ListItem\",\"position\":1,\"name\":\"Portada\",\"item\":\"https:\/\/gstio.cat\/es\/inicio\/\"},{\"@type\":\"ListItem\",\"position\":2,\"name\":\"Nosotros\"}]},{\"@type\":\"WebSite\",\"@id\":\"https:\/\/gstio.cat\/es\/#website\",\"url\":\"https:\/\/gstio.cat\/es\/\",\"name\":\"Gstio\",\"description\":\"\",\"potentialAction\":[{\"@type\":\"SearchAction\",\"target\":{\"@type\":\"EntryPoint\",\"urlTemplate\":\"https:\/\/gstio.cat\/es\/?s={search_term_string}\"},\"query-input\":{\"@type\":\"PropertyValueSpecification\",\"valueRequired\":true,\"valueName\":\"search_term_string\"}}],\"inLanguage\":\"es\"}]}<\/script>\n<!-- \/ Yoast SEO plugin. -->","yoast_head_json":{"title":"Nosotros - Gstio","robots":{"index":"index","follow":"follow","max-snippet":"max-snippet:-1","max-image-preview":"max-image-preview:large","max-video-preview":"max-video-preview:-1"},"canonical":"https:\/\/gstio.cat\/es\/nosotros\/","og_locale":"es_ES","og_type":"article","og_title":"Nosotros - Gstio","og_description":"Desde 2006 en el sector \u00bfQuieres conocernos? La cabeza visible del equipo soy yo. Me llamo Gerard Tordera, soy Arquitecto T\u00e9cnico y agente inmobiliario. Aqu\u00ed tienes mi recorrido: M\u00e1s informaci\u00f3n Happy Customer 0 K+ Properties Listed 0 K+ Agente Support 0 + Satisfacci\u00f3n 0 % Equipo de arquitectos y arquitectos t\u00e9cnico Partiendo de la parte [&hellip;]","og_url":"https:\/\/gstio.cat\/es\/nosotros\/","og_site_name":"Gstio","article_modified_time":"2024-12-18T07:24:52+00:00","og_image":[{"width":640,"height":640,"url":"https:\/\/gstio.cat\/wp-content\/uploads\/2024\/12\/1687941647349.jpeg","type":"image\/jpeg"}],"twitter_card":"summary_large_image","twitter_misc":{"Tiempo de lectura":"1 minuto"},"schema":{"@context":"https:\/\/schema.org","@graph":[{"@type":"WebPage","@id":"https:\/\/gstio.cat\/es\/nosotros\/","url":"https:\/\/gstio.cat\/es\/nosotros\/","name":"Nosotros - Gstio","isPartOf":{"@id":"https:\/\/gstio.cat\/es\/#website"},"primaryImageOfPage":{"@id":"https:\/\/gstio.cat\/es\/nosotros\/#primaryimage"},"image":{"@id":"https:\/\/gstio.cat\/es\/nosotros\/#primaryimage"},"thumbnailUrl":"https:\/\/gstio.cat\/wp-content\/uploads\/2024\/12\/1687941647349.jpeg","datePublished":"2024-11-19T07:03:41+00:00","dateModified":"2024-12-18T07:24:52+00:00","breadcrumb":{"@id":"https:\/\/gstio.cat\/es\/nosotros\/#breadcrumb"},"inLanguage":"es","potentialAction":[{"@type":"ReadAction","target":["https:\/\/gstio.cat\/es\/nosotros\/"]}]},{"@type":"ImageObject","inLanguage":"es","@id":"https:\/\/gstio.cat\/es\/nosotros\/#primaryimage","url":"https:\/\/gstio.cat\/wp-content\/uploads\/2024\/12\/1687941647349.jpeg","contentUrl":"https:\/\/gstio.cat\/wp-content\/uploads\/2024\/12\/1687941647349.jpeg"},{"@type":"BreadcrumbList","@id":"https:\/\/gstio.cat\/es\/nosotros\/#breadcrumb","itemListElement":[{"@type":"ListItem","position":1,"name":"Portada","item":"https:\/\/gstio.cat\/es\/inicio\/"},{"@type":"ListItem","position":2,"name":"Nosotros"}]},{"@type":"WebSite","@id":"https:\/\/gstio.cat\/es\/#website","url":"https:\/\/gstio.cat\/es\/","name":"Gstio","description":"","potentialAction":[{"@type":"SearchAction","target":{"@type":"EntryPoint","urlTemplate":"https:\/\/gstio.cat\/es\/?s={search_term_string}"},"query-input":{"@type":"PropertyValueSpecification","valueRequired":true,"valueName":"search_term_string"}}],"inLanguage":"es"}]}},"_links":{"self":[{"href":"https:\/\/gstio.cat\/es\/wp-json\/wp\/v2\/pages\/1000","targetHints":{"allow":["GET"]}}],"collection":[{"href":"https:\/\/gstio.cat\/es\/wp-json\/wp\/v2\/pages"}],"about":[{"href":"https:\/\/gstio.cat\/es\/wp-json\/wp\/v2\/types\/page"}],"author":[{"embeddable":true,"href":"https:\/\/gstio.cat\/es\/wp-json\/wp\/v2\/users\/2"}],"replies":[{"embeddable":true,"href":"https:\/\/gstio.cat\/es\/wp-json\/wp\/v2\/comments?post=1000"}],"version-history":[{"count":1,"href":"https:\/\/gstio.cat\/es\/wp-json\/wp\/v2\/pages\/1000\/revisions"}],"predecessor-version":[{"id":1001,"href":"https:\/\/gstio.cat\/es\/wp-json\/wp\/v2\/pages\/1000\/revisions\/1001"}],"wp:attachment":[{"href":"https:\/\/gstio.cat\/es\/wp-json\/wp\/v2\/media?parent=1000"}],"curies":[{"name":"wp","href":"https:\/\/api.w.org\/{rel}","templated":true}]}}